{"id":887,"date":"2018-03-27T11:11:20","date_gmt":"2018-03-27T11:11:20","guid":{"rendered":"https:\/\/www.grupposhoppingbags.it\/?page_id=887"},"modified":"2025-05-20T16:25:33","modified_gmt":"2025-05-20T16:25:33","slug":"home","status":"publish","type":"page","link":"https:\/\/grupposhoppingbags.it\/en\/","title":{"rendered":"Home"},"content":{"rendered":"<p>[et_pb_section fb_built=&#8221;1&#8243; module_class=&#8221;testataHome&#8221; _builder_version=&#8221;3.22&#8243; background_image=&#8221;https:\/\/grupposhoppingbags.it\/wp-content\/uploads\/2018\/05\/sfondoHomeAlberi.jpg&#8221; parallax=&#8221;on&#8221; custom_padding=&#8221;0px||0px|&#8221;][et_pb_row column_structure=&#8221;1_2,1_2&#8243; _builder_version=&#8221;3.25&#8243; custom_margin=&#8221;||0px|&#8221; custom_padding=&#8221;||0px|&#8221;][et_pb_column type=&#8221;1_2&#8243; _builder_version=&#8221;3.25&#8243; custom_padding=&#8221;|||&#8221; custom_padding__hover=&#8221;|||&#8221;][et_pb_text _builder_version=&#8221;3.27.4&#8243; header_font=&#8221;Lobster Two||||||||&#8221; header_font_size=&#8221;54px&#8221; background_layout=&#8221;dark&#8221; custom_padding=&#8221;30%|||&#8221; header_text_shadow_style=&#8221;preset1&#8243;]<\/p>\n<h1>Il sacchetto di carta<br \/>\nfa parte di un futuro<br \/>\nsostenibile<\/h1>\n<p>[\/et_pb_text][\/et_pb_column][et_pb_column type=&#8221;1_2&#8243; _builder_version=&#8221;3.25&#8243; custom_padding=&#8221;|||&#8221; custom_padding__hover=&#8221;|||&#8221;][\/et_pb_column][\/et_pb_row][et_pb_row use_custom_gutter=&#8221;on&#8221; gutter_width=&#8221;1&#8243; module_class=&#8221; et_pb_row_fullwidth&#8221; _builder_version=&#8221;3.25&#8243; width=&#8221;100%&#8221; width_tablet=&#8221;100%&#8221; width_phone=&#8221;&#8221; width_last_edited=&#8221;on|desktop&#8221; max_width=&#8221;100%&#8221; max_width_tablet=&#8221;100%&#8221; max_width_phone=&#8221;&#8221; max_width_last_edited=&#8221;on|desktop&#8221; custom_padding=&#8221;0px||0px|&#8221; make_fullwidth=&#8221;on&#8221;][et_pb_column type=&#8221;4_4&#8243; _builder_version=&#8221;3.25&#8243; custom_padding=&#8221;|||&#8221; custom_padding__hover=&#8221;|||&#8221;][et_pb_image src=&#8221;https:\/\/grupposhoppingbags.it\/wp-content\/uploads\/2018\/07\/sacchettoDef_00.png&#8221; align_tablet=&#8221;center&#8221; align_phone=&#8221;&#8221; align_last_edited=&#8221;on|desktop&#8221; _builder_version=&#8221;3.23&#8243; custom_css_main_element=&#8221;margin-top:-480px !important;&#8221; always_center_on_mobile=&#8221;on&#8221;][\/et_pb_image][\/et_pb_column][\/et_pb_row][\/et_pb_section][et_pb_section fb_built=&#8221;1&#8243; _builder_version=&#8221;3.22&#8243; background_color=&#8221;#fbfbfb&#8221; background_repeat=&#8221;repeat-x&#8221; background_blend=&#8221;overlay&#8221;][et_pb_row column_structure=&#8221;1_5,1_5,1_5,1_5,1_5&#8243; _builder_version=&#8221;4.9.10&#8243; background_size=&#8221;initial&#8221; background_position=&#8221;top_left&#8221; background_repeat=&#8221;repeat&#8221; hover_enabled=&#8221;0&#8243; width=&#8221;92%&#8221; max_width=&#8221;1535px&#8221; sticky_enabled=&#8221;0&#8243;][et_pb_column type=&#8221;1_5&#8243; _builder_version=&#8221;3.25&#8243; custom_padding=&#8221;|||&#8221; custom_padding__hover=&#8221;|||&#8221;][et_pb_blurb title=&#8221;Per l&#8217;ambiente&#8221; url=&#8221;\/per-lambiente\/&#8221; image=&#8221;https:\/\/grupposhoppingbags.it\/wp-content\/uploads\/2018\/06\/ambiente_animated.svg&#8221; module_class=&#8221;iconeHome&#8221; _builder_version=&#8221;3.0.106&#8243; header_font=&#8221;Lobster Two||||||||&#8221; header_text_color=&#8221;#077139&#8243; header_font_size=&#8221;22&#8243; text_orientation=&#8221;center&#8221;]Il sacchetto di carta gioca un ruolo cruciale a favore della sostenibilit\u00e0.<br \/>\n[\/et_pb_blurb][\/et_pb_column][et_pb_column type=&#8221;1_5&#8243; _builder_version=&#8221;3.25&#8243; custom_padding=&#8221;|||&#8221; custom_padding__hover=&#8221;|||&#8221;][et_pb_blurb title=&#8221;Conforme alla legge&#8221; url=&#8221;\/per-conformita-alla-legge\/&#8221; image=&#8221;https:\/\/grupposhoppingbags.it\/wp-content\/uploads\/2018\/06\/legge_animated.svg&#8221; module_class=&#8221;iconeHome&#8221; _builder_version=&#8221;3.0.106&#8243; header_font=&#8221;Lobster Two||||||||&#8221; header_text_color=&#8221;#077139&#8243; header_font_size=&#8221;22&#8243; text_orientation=&#8221;center&#8221;]Il sacchetto \u00e8 conforme alle normative dell&#8217;unione europea.<br \/>\n[\/et_pb_blurb][\/et_pb_column][et_pb_column type=&#8221;1_5&#8243; _builder_version=&#8221;3.25&#8243; custom_padding=&#8221;|||&#8221; custom_padding__hover=&#8221;|||&#8221;][et_pb_blurb title=&#8221;Per l&#8217;alta qualit\u00e0&#8221; url=&#8221;\/per-l-alta-qualita\/&#8221; image=&#8221;https:\/\/grupposhoppingbags.it\/wp-content\/uploads\/2018\/06\/qualita_animated.svg&#8221; module_class=&#8221;iconeHome&#8221; _builder_version=&#8221;3.0.106&#8243; header_font=&#8221;Lobster Two||||||||&#8221; header_text_color=&#8221;#077139&#8243; header_font_size=&#8221;22&#8243; text_orientation=&#8221;center&#8221;]Il sacchetto robusto e duraturo \u00e8 un autentico valore aggiunto.<br \/>\n[\/et_pb_blurb][\/et_pb_column][et_pb_column type=&#8221;1_5&#8243; _builder_version=&#8221;3.25&#8243; custom_padding=&#8221;|||&#8221; custom_padding__hover=&#8221;|||&#8221;][et_pb_blurb title=&#8221;Per il tuo marchio&#8221; url=&#8221;\/per-il-tuo-marchio\/&#8221; image=&#8221;https:\/\/grupposhoppingbags.it\/wp-content\/uploads\/2018\/06\/marchio_animated.svg&#8221; module_class=&#8221;iconeHome&#8221; _builder_version=&#8221;3.0.106&#8243; header_font=&#8221;Lobster Two||||||||&#8221; header_text_color=&#8221;#077139&#8243; header_font_size=&#8221;22&#8243; text_orientation=&#8221;center&#8221;]Il sacchetto aiuta a fare presa sui consumatori.<br \/>\n[\/et_pb_blurb][\/et_pb_column][et_pb_column type=&#8221;1_5&#8243; _builder_version=&#8221;3.25&#8243; custom_padding=&#8221;|||&#8221; custom_padding__hover=&#8221;|||&#8221;][et_pb_image src=&#8221;https:\/\/grupposhoppingbags.it\/wp-content\/uploads\/2025\/05\/P4A_banner_standard-250x250_it.jpg&#8221; _builder_version=&#8221;4.9.10&#8243; _module_preset=&#8221;default&#8221; title_text=&#8221;P4A_banner_standard-250x250_it&#8221; url=&#8221;https:\/\/www.print4all.it\/&#8221; url_new_window=&#8221;on&#8221; hover_enabled=&#8221;0&#8243; sticky_enabled=&#8221;0&#8243;][\/et_pb_image][\/et_pb_column][\/et_pb_row][\/et_pb_section][et_pb_section fb_built=&#8221;1&#8243; _builder_version=&#8221;3.22&#8243; background_color=&#8221;#f8f8f8&#8243;][et_pb_row _builder_version=&#8221;3.25&#8243; background_size=&#8221;initial&#8221; background_position=&#8221;top_left&#8221; background_repeat=&#8221;repeat&#8221;][et_pb_column type=&#8221;4_4&#8243; _builder_version=&#8221;3.25&#8243; custom_padding=&#8221;|||&#8221; custom_padding__hover=&#8221;|||&#8221;][et_pb_text _builder_version=&#8221;3.27.4&#8243; header_2_font=&#8221;Lobster Two||||||||&#8221; header_2_text_color=&#8221;#077138&#8243; header_2_font_size=&#8221;32px&#8221;]<\/p>\n<h2 style=\"text-align: center;\">Ultime news<\/h2>\n<p>[\/et_pb_text][\/et_pb_column][\/et_pb_row][et_pb_row _builder_version=&#8221;3.25&#8243; background_size=&#8221;initial&#8221; background_position=&#8221;top_left&#8221; background_repeat=&#8221;repeat&#8221;][et_pb_column type=&#8221;4_4&#8243; _builder_version=&#8221;3.25&#8243; custom_padding=&#8221;|||&#8221; custom_padding__hover=&#8221;|||&#8221;][et_pb_blog fullwidth=&#8221;off&#8221; posts_number=&#8221;3&#8243; include_categories=&#8221;1&#8243; show_author=&#8221;off&#8221; show_date=&#8221;off&#8221; show_categories=&#8221;off&#8221; show_pagination=&#8221;off&#8221; _builder_version=&#8221;3.0.106&#8243; pagination_font_size_tablet=&#8221;51&#8243; pagination_line_height_tablet=&#8221;2&#8243;][\/et_pb_blog][\/et_pb_column][\/et_pb_row][\/et_pb_section]<\/p>\n","protected":false},"excerpt":{"rendered":"<p>Il sacchetto di carta fa parte di un futuro sostenibile Per l&#8217;ambiente Il sacchetto di carta gioca un ruolo cruciale a favore della sostenibilit\u00e0. Conforme alla legge Il sacchetto \u00e8 conforme alle normative dell&#8217;unione europea. Per l&#8217;alta qualit\u00e0 Il sacchetto robusto e duraturo \u00e8 un autentico valore aggiunto. Per il tuo marchio Il sacchetto aiuta [&hellip;]<\/p>\n","protected":false},"author":1,"featured_media":0,"parent":0,"menu_order":0,"comment_status":"closed","ping_status":"closed","template":"","meta":{"_et_pb_use_builder":"on","_et_pb_old_content":"","_et_gb_content_width":"","inline_featured_image":false,"footnotes":""},"class_list":["post-887","page","type-page","status-publish","hentry"],"yoast_head":"<!-- This site is optimized with the Yoast SEO plugin v27.3 - https:\/\/yoast.com\/product\/yoast-seo-wordpress\/ -->\n<title>Gruppo Shopping Bags - Gruppo di specializzazione di Assografici<\/title>\n<meta name=\"description\" content=\"Il Gruppo Shopping Bags rappresenta le aziende produttrici di shoppers in carta che coprono una quota di circa l\u201980% dell\u2019intera produzione nazionale.\" \/>\n<meta name=\"robots\" content=\"index, follow, max-snippet:-1, max-image-preview:large, max-video-preview:-1\" \/>\n<link rel=\"canonical\" href=\"https:\/\/grupposhoppingbags.it\/en\/\" \/>\n<meta property=\"og:locale\" content=\"en_US\" \/>\n<meta property=\"og:type\" content=\"article\" \/>\n<meta property=\"og:title\" content=\"Gruppo Shopping Bags - Gruppo di specializzazione di Assografici\" \/>\n<meta property=\"og:description\" content=\"Il Gruppo Shopping Bags rappresenta le aziende produttrici di shoppers in carta che coprono una quota di circa l\u201980% dell\u2019intera produzione nazionale.\" \/>\n<meta property=\"og:url\" content=\"https:\/\/grupposhoppingbags.it\/en\/\" \/>\n<meta property=\"og:site_name\" content=\"Gruppo Shopping Bags\" \/>\n<meta property=\"article:modified_time\" content=\"2025-05-20T16:25:33+00:00\" \/>\n<meta name=\"twitter:card\" content=\"summary_large_image\" \/>\n<meta name=\"twitter:label1\" content=\"Est. reading time\" \/>\n\t<meta name=\"twitter:data1\" content=\"4 minutes\" \/>\n<script type=\"application\/ld+json\" class=\"yoast-schema-graph\">{\"@context\":\"https:\\\/\\\/schema.org\",\"@graph\":[{\"@type\":\"WebPage\",\"@id\":\"https:\\\/\\\/grupposhoppingbags.it\\\/en\\\/\",\"url\":\"https:\\\/\\\/grupposhoppingbags.it\\\/en\\\/\",\"name\":\"Gruppo Shopping Bags - Gruppo di specializzazione di Assografici\",\"isPartOf\":{\"@id\":\"https:\\\/\\\/grupposhoppingbags.it\\\/en\\\/#website\"},\"datePublished\":\"2018-03-27T11:11:20+00:00\",\"dateModified\":\"2025-05-20T16:25:33+00:00\",\"description\":\"Il Gruppo Shopping Bags rappresenta le aziende produttrici di shoppers in carta che coprono una quota di circa l\u201980% dell\u2019intera produzione nazionale.\",\"breadcrumb\":{\"@id\":\"https:\\\/\\\/grupposhoppingbags.it\\\/en\\\/#breadcrumb\"},\"inLanguage\":\"en-US\",\"potentialAction\":[{\"@type\":\"ReadAction\",\"target\":[\"https:\\\/\\\/grupposhoppingbags.it\\\/en\\\/\"]}]},{\"@type\":\"BreadcrumbList\",\"@id\":\"https:\\\/\\\/grupposhoppingbags.it\\\/en\\\/#breadcrumb\",\"itemListElement\":[{\"@type\":\"ListItem\",\"position\":1,\"name\":\"Home\",\"item\":\"https:\\\/\\\/grupposhoppingbags.it\\\/en\\\/\"},{\"@type\":\"ListItem\",\"position\":2,\"name\":\"Home\"}]},{\"@type\":\"WebSite\",\"@id\":\"https:\\\/\\\/grupposhoppingbags.it\\\/en\\\/#website\",\"url\":\"https:\\\/\\\/grupposhoppingbags.it\\\/en\\\/\",\"name\":\"Gruppo Shopping Bags\",\"description\":\"Socio Federazione Carta e Grafica\",\"potentialAction\":[{\"@type\":\"SearchAction\",\"target\":{\"@type\":\"EntryPoint\",\"urlTemplate\":\"https:\\\/\\\/grupposhoppingbags.it\\\/en\\\/?s={search_term_string}\"},\"query-input\":{\"@type\":\"PropertyValueSpecification\",\"valueRequired\":true,\"valueName\":\"search_term_string\"}}],\"inLanguage\":\"en-US\"}]}<\/script>\n<!-- \/ Yoast SEO plugin. -->","yoast_head_json":{"title":"Gruppo Shopping Bags - Gruppo di specializzazione di Assografici","description":"Il Gruppo Shopping Bags rappresenta le aziende produttrici di shoppers in carta che coprono una quota di circa l\u201980% dell\u2019intera produzione nazionale.","robots":{"index":"index","follow":"follow","max-snippet":"max-snippet:-1","max-image-preview":"max-image-preview:large","max-video-preview":"max-video-preview:-1"},"canonical":"https:\/\/grupposhoppingbags.it\/en\/","og_locale":"en_US","og_type":"article","og_title":"Gruppo Shopping Bags - Gruppo di specializzazione di Assografici","og_description":"Il Gruppo Shopping Bags rappresenta le aziende produttrici di shoppers in carta che coprono una quota di circa l\u201980% dell\u2019intera produzione nazionale.","og_url":"https:\/\/grupposhoppingbags.it\/en\/","og_site_name":"Gruppo Shopping Bags","article_modified_time":"2025-05-20T16:25:33+00:00","twitter_card":"summary_large_image","twitter_misc":{"Est. reading time":"4 minutes"},"schema":{"@context":"https:\/\/schema.org","@graph":[{"@type":"WebPage","@id":"https:\/\/grupposhoppingbags.it\/en\/","url":"https:\/\/grupposhoppingbags.it\/en\/","name":"Gruppo Shopping Bags - Gruppo di specializzazione di Assografici","isPartOf":{"@id":"https:\/\/grupposhoppingbags.it\/en\/#website"},"datePublished":"2018-03-27T11:11:20+00:00","dateModified":"2025-05-20T16:25:33+00:00","description":"Il Gruppo Shopping Bags rappresenta le aziende produttrici di shoppers in carta che coprono una quota di circa l\u201980% dell\u2019intera produzione nazionale.","breadcrumb":{"@id":"https:\/\/grupposhoppingbags.it\/en\/#breadcrumb"},"inLanguage":"en-US","potentialAction":[{"@type":"ReadAction","target":["https:\/\/grupposhoppingbags.it\/en\/"]}]},{"@type":"BreadcrumbList","@id":"https:\/\/grupposhoppingbags.it\/en\/#breadcrumb","itemListElement":[{"@type":"ListItem","position":1,"name":"Home","item":"https:\/\/grupposhoppingbags.it\/en\/"},{"@type":"ListItem","position":2,"name":"Home"}]},{"@type":"WebSite","@id":"https:\/\/grupposhoppingbags.it\/en\/#website","url":"https:\/\/grupposhoppingbags.it\/en\/","name":"Gruppo Shopping Bags","description":"Socio Federazione Carta e Grafica","potentialAction":[{"@type":"SearchAction","target":{"@type":"EntryPoint","urlTemplate":"https:\/\/grupposhoppingbags.it\/en\/?s={search_term_string}"},"query-input":{"@type":"PropertyValueSpecification","valueRequired":true,"valueName":"search_term_string"}}],"inLanguage":"en-US"}]}},"_links":{"self":[{"href":"https:\/\/grupposhoppingbags.it\/en\/wp-json\/wp\/v2\/pages\/887","targetHints":{"allow":["GET"]}}],"collection":[{"href":"https:\/\/grupposhoppingbags.it\/en\/wp-json\/wp\/v2\/pages"}],"about":[{"href":"https:\/\/grupposhoppingbags.it\/en\/wp-json\/wp\/v2\/types\/page"}],"author":[{"embeddable":true,"href":"https:\/\/grupposhoppingbags.it\/en\/wp-json\/wp\/v2\/users\/1"}],"replies":[{"embeddable":true,"href":"https:\/\/grupposhoppingbags.it\/en\/wp-json\/wp\/v2\/comments?post=887"}],"version-history":[{"count":2,"href":"https:\/\/grupposhoppingbags.it\/en\/wp-json\/wp\/v2\/pages\/887\/revisions"}],"predecessor-version":[{"id":1351,"href":"https:\/\/grupposhoppingbags.it\/en\/wp-json\/wp\/v2\/pages\/887\/revisions\/1351"}],"wp:attachment":[{"href":"https:\/\/grupposhoppingbags.it\/en\/wp-json\/wp\/v2\/media?parent=887"}],"curies":[{"name":"wp","href":"https:\/\/api.w.org\/{rel}","templated":true}]}}